{"id":6624,"date":"2025-09-17T02:22:57","date_gmt":"2025-09-17T00:22:57","guid":{"rendered":"https:\/\/virtenzo.com\/studia-przypadkow\/"},"modified":"2025-09-17T02:22:57","modified_gmt":"2025-09-17T00:22:57","slug":"studia-przypadkow","status":"publish","type":"page","link":"https:\/\/virtenzo.com\/pl\/studia-przypadkow\/","title":{"rendered":"Studia przypadk\u00f3w"},"content":{"rendered":"<h1>PRZYK\u0141ADY WDRO\u017bE\u0143<\/h1>\n<p>Sprawd\u017a nasze najnowsze realizacje<\/p>\n<p>https:\/\/virtenzo.com\/wp-content\/uploads\/2025\/06\/chair-configuration-v1-optimized.webm<\/p>\n<h3>Integracja z Shopify<\/h3>\n<h6><\/h6>\n<p>Zastosowali\u015bmy konfigurator krzese\u0142 3D na stronie e-commerce klienta: W pe\u0142ni zintegrowany, z zarz\u0105dzaniem cenami i zam\u00f3wieniami<\/p>\n<h3>Pakiet e-commerce<\/h3>\n<h6>Zintegrowany bezpo\u015brednio z platformami takimi jak Shopify, WooCommerce i Magento- pakiet ten zwi\u0119ksza konwersj\u0119, zmniejsza liczb\u0119 zwrot\u00f3w i automatyzuje logik\u0119 cenow\u0105 podczas synchronizacji z analityk\u0105.  <\/h6>\n<div style=\"width: 640px;\" class=\"wp-video\"><video class=\"wp-video-shortcode\" id=\"video-6624-1\" width=\"640\" height=\"360\" preload=\"metadata\" controls=\"controls\"><source type=\"video\/webm\" src=\"https:\/\/virtenzo.com\/wp-content\/uploads\/2025\/06\/chair-configuration-v1-optimized.webm?_=1\" \/><a href=\"https:\/\/virtenzo.com\/wp-content\/uploads\/2025\/06\/chair-configuration-v1-optimized.webm\">https:\/\/virtenzo.com\/wp-content\/uploads\/2025\/06\/chair-configuration-v1-optimized.webm<\/a><\/video><\/div>\n","protected":false},"excerpt":{"rendered":"<p>PRZYK\u0141ADY WDRO\u017bE\u0143 Sprawd\u017a nasze najnowsze realizacje https:\/\/virtenzo.com\/wp-content\/uploads\/2025\/06\/chair-configuration-v1-optimized.webm Integracja z Shopify Zastosowali\u015bmy konfigurator krzese\u0142 3D na stronie e-commerce klienta: W pe\u0142ni zintegrowany, z zarz\u0105dzaniem cenami i zam\u00f3wieniami Pakiet e-commerce Zintegrowany bezpo\u015brednio z platformami takimi jak Shopify, WooCommerce i Magento- pakiet ten zwi\u0119ksza konwersj\u0119, zmniejsza liczb\u0119 zwrot\u00f3w i automatyzuje logik\u0119 cenow\u0105 podczas synchronizacji z analityk\u0105. https:\/\/virtenzo.com\/wp-content\/uploads\/2025\/06\/chair-configuration-v1-optimized.webm<\/p>\n","protected":false},"author":1,"featured_media":0,"parent":0,"menu_order":0,"comment_status":"closed","ping_status":"closed","template":"","meta":{"virtenzo_enable_toc":"","_hide_page_title":false,"footnotes":""},"class_list":["post-6624","page","type-page","status-publish","hentry"],"yoast_head":"<!-- This site is optimized with the Yoast SEO plugin v27.3 - https:\/\/yoast.com\/product\/yoast-seo-wordpress\/ -->\n<title>Studia przypadk\u00f3w - Virtenzo<\/title>\n<meta name=\"description\" content=\"Elevate your furniture brand with Virtenzo&#039;s 3D Furniture Configurator. Revolutionize online and in-store experiences with customizable 3D visuals and virtual room tours. Let your furniture shine and drive sales like never before.\" \/>\n<meta name=\"robots\" content=\"index, follow, max-snippet:-1, max-image-preview:large, max-video-preview:-1\" \/>\n<link rel=\"canonical\" href=\"https:\/\/virtenzo.com\/pl\/studia-przypadkow\/\" \/>\n<meta property=\"og:locale\" content=\"pl_PL\" \/>\n<meta property=\"og:type\" content=\"article\" \/>\n<meta property=\"og:title\" content=\"Studia przypadk\u00f3w - Virtenzo\" \/>\n<meta property=\"og:description\" content=\"Elevate your furniture brand with Virtenzo&#039;s 3D Furniture Configurator. Revolutionize online and in-store experiences with customizable 3D visuals and virtual room tours. Let your furniture shine and drive sales like never before.\" \/>\n<meta property=\"og:url\" content=\"https:\/\/virtenzo.com\/pl\/studia-przypadkow\/\" \/>\n<meta property=\"og:site_name\" content=\"Virtenzo\" \/>\n<meta name=\"twitter:card\" content=\"summary_large_image\" \/>\n<script type=\"application\/ld+json\" class=\"yoast-schema-graph\">{\"@context\":\"https:\\\/\\\/schema.org\",\"@graph\":[{\"@type\":\"WebPage\",\"@id\":\"https:\\\/\\\/virtenzo.com\\\/pl\\\/studia-przypadkow\\\/\",\"url\":\"https:\\\/\\\/virtenzo.com\\\/pl\\\/studia-przypadkow\\\/\",\"name\":\"Studia przypadk\u00f3w - Virtenzo\",\"isPartOf\":{\"@id\":\"https:\\\/\\\/virtenzo.com\\\/pl\\\/#website\"},\"datePublished\":\"2025-09-17T00:22:57+00:00\",\"description\":\"Elevate your furniture brand with Virtenzo's 3D Furniture Configurator. Revolutionize online and in-store experiences with customizable 3D visuals and virtual room tours. Let your furniture shine and drive sales like never before.\",\"breadcrumb\":{\"@id\":\"https:\\\/\\\/virtenzo.com\\\/pl\\\/studia-przypadkow\\\/#breadcrumb\"},\"inLanguage\":\"pl-PL\",\"potentialAction\":[{\"@type\":\"ReadAction\",\"target\":[\"https:\\\/\\\/virtenzo.com\\\/pl\\\/studia-przypadkow\\\/\"]}]},{\"@type\":\"BreadcrumbList\",\"@id\":\"https:\\\/\\\/virtenzo.com\\\/pl\\\/studia-przypadkow\\\/#breadcrumb\",\"itemListElement\":[{\"@type\":\"ListItem\",\"position\":1,\"name\":\"Home\",\"item\":\"https:\\\/\\\/virtenzo.com\\\/pl\\\/\"},{\"@type\":\"ListItem\",\"position\":2,\"name\":\"Studia przypadk\u00f3w\"}]},{\"@type\":\"WebSite\",\"@id\":\"https:\\\/\\\/virtenzo.com\\\/pl\\\/#website\",\"url\":\"https:\\\/\\\/virtenzo.com\\\/pl\\\/\",\"name\":\"Virtenzo: 3D Furniture Configurator Solutions\",\"description\":\"3D Configurator Furniture Solutions\",\"publisher\":{\"@id\":\"https:\\\/\\\/virtenzo.com\\\/pl\\\/#organization\"},\"alternateName\":\"Virtenzo 3D configurators\",\"potentialAction\":[{\"@type\":\"SearchAction\",\"target\":{\"@type\":\"EntryPoint\",\"urlTemplate\":\"https:\\\/\\\/virtenzo.com\\\/pl\\\/?s={search_term_string}\"},\"query-input\":{\"@type\":\"PropertyValueSpecification\",\"valueRequired\":true,\"valueName\":\"search_term_string\"}}],\"inLanguage\":\"pl-PL\"},{\"@type\":\"Organization\",\"@id\":\"https:\\\/\\\/virtenzo.com\\\/pl\\\/#organization\",\"name\":\"Virtenzo\",\"url\":\"https:\\\/\\\/virtenzo.com\\\/pl\\\/\",\"logo\":{\"@type\":\"ImageObject\",\"inLanguage\":\"pl-PL\",\"@id\":\"https:\\\/\\\/virtenzo.com\\\/pl\\\/#\\\/schema\\\/logo\\\/image\\\/\",\"url\":\"https:\\\/\\\/virtenzo.com\\\/wp-content\\\/uploads\\\/2023\\\/06\\\/logo-main.webp\",\"contentUrl\":\"https:\\\/\\\/virtenzo.com\\\/wp-content\\\/uploads\\\/2023\\\/06\\\/logo-main.webp\",\"width\":600,\"height\":150,\"caption\":\"Virtenzo\"},\"image\":{\"@id\":\"https:\\\/\\\/virtenzo.com\\\/pl\\\/#\\\/schema\\\/logo\\\/image\\\/\"}}]}<\/script>\n<!-- \/ Yoast SEO plugin. -->","yoast_head_json":{"title":"Studia przypadk\u00f3w - Virtenzo","description":"Elevate your furniture brand with Virtenzo's 3D Furniture Configurator. Revolutionize online and in-store experiences with customizable 3D visuals and virtual room tours. Let your furniture shine and drive sales like never before.","robots":{"index":"index","follow":"follow","max-snippet":"max-snippet:-1","max-image-preview":"max-image-preview:large","max-video-preview":"max-video-preview:-1"},"canonical":"https:\/\/virtenzo.com\/pl\/studia-przypadkow\/","og_locale":"pl_PL","og_type":"article","og_title":"Studia przypadk\u00f3w - Virtenzo","og_description":"Elevate your furniture brand with Virtenzo's 3D Furniture Configurator. Revolutionize online and in-store experiences with customizable 3D visuals and virtual room tours. Let your furniture shine and drive sales like never before.","og_url":"https:\/\/virtenzo.com\/pl\/studia-przypadkow\/","og_site_name":"Virtenzo","twitter_card":"summary_large_image","schema":{"@context":"https:\/\/schema.org","@graph":[{"@type":"WebPage","@id":"https:\/\/virtenzo.com\/pl\/studia-przypadkow\/","url":"https:\/\/virtenzo.com\/pl\/studia-przypadkow\/","name":"Studia przypadk\u00f3w - Virtenzo","isPartOf":{"@id":"https:\/\/virtenzo.com\/pl\/#website"},"datePublished":"2025-09-17T00:22:57+00:00","description":"Elevate your furniture brand with Virtenzo's 3D Furniture Configurator. Revolutionize online and in-store experiences with customizable 3D visuals and virtual room tours. Let your furniture shine and drive sales like never before.","breadcrumb":{"@id":"https:\/\/virtenzo.com\/pl\/studia-przypadkow\/#breadcrumb"},"inLanguage":"pl-PL","potentialAction":[{"@type":"ReadAction","target":["https:\/\/virtenzo.com\/pl\/studia-przypadkow\/"]}]},{"@type":"BreadcrumbList","@id":"https:\/\/virtenzo.com\/pl\/studia-przypadkow\/#breadcrumb","itemListElement":[{"@type":"ListItem","position":1,"name":"Home","item":"https:\/\/virtenzo.com\/pl\/"},{"@type":"ListItem","position":2,"name":"Studia przypadk\u00f3w"}]},{"@type":"WebSite","@id":"https:\/\/virtenzo.com\/pl\/#website","url":"https:\/\/virtenzo.com\/pl\/","name":"Virtenzo: 3D Furniture Configurator Solutions","description":"3D Configurator Furniture Solutions","publisher":{"@id":"https:\/\/virtenzo.com\/pl\/#organization"},"alternateName":"Virtenzo 3D configurators","potentialAction":[{"@type":"SearchAction","target":{"@type":"EntryPoint","urlTemplate":"https:\/\/virtenzo.com\/pl\/?s={search_term_string}"},"query-input":{"@type":"PropertyValueSpecification","valueRequired":true,"valueName":"search_term_string"}}],"inLanguage":"pl-PL"},{"@type":"Organization","@id":"https:\/\/virtenzo.com\/pl\/#organization","name":"Virtenzo","url":"https:\/\/virtenzo.com\/pl\/","logo":{"@type":"ImageObject","inLanguage":"pl-PL","@id":"https:\/\/virtenzo.com\/pl\/#\/schema\/logo\/image\/","url":"https:\/\/virtenzo.com\/wp-content\/uploads\/2023\/06\/logo-main.webp","contentUrl":"https:\/\/virtenzo.com\/wp-content\/uploads\/2023\/06\/logo-main.webp","width":600,"height":150,"caption":"Virtenzo"},"image":{"@id":"https:\/\/virtenzo.com\/pl\/#\/schema\/logo\/image\/"}}]}},"_links":{"self":[{"href":"https:\/\/virtenzo.com\/pl\/wp-json\/wp\/v2\/pages\/6624","targetHints":{"allow":["GET"]}}],"collection":[{"href":"https:\/\/virtenzo.com\/pl\/wp-json\/wp\/v2\/pages"}],"about":[{"href":"https:\/\/virtenzo.com\/pl\/wp-json\/wp\/v2\/types\/page"}],"author":[{"embeddable":true,"href":"https:\/\/virtenzo.com\/pl\/wp-json\/wp\/v2\/users\/1"}],"replies":[{"embeddable":true,"href":"https:\/\/virtenzo.com\/pl\/wp-json\/wp\/v2\/comments?post=6624"}],"version-history":[{"count":0,"href":"https:\/\/virtenzo.com\/pl\/wp-json\/wp\/v2\/pages\/6624\/revisions"}],"wp:attachment":[{"href":"https:\/\/virtenzo.com\/pl\/wp-json\/wp\/v2\/media?parent=6624"}],"curies":[{"name":"wp","href":"https:\/\/api.w.org\/{rel}","templated":true}]}}