{"id":6622,"date":"2025-08-27T01:20:08","date_gmt":"2025-08-26T23:20:08","guid":{"rendered":"https:\/\/virtenzo.com\/przyklady-uzycia\/"},"modified":"2026-03-21T22:04:45","modified_gmt":"2026-03-21T21:04:45","slug":"przyklady-uzycia","status":"publish","type":"page","link":"https:\/\/virtenzo.com\/pl\/przyklady-uzycia\/","title":{"rendered":"Przyk\u0142ady u\u017cycia"},"content":{"rendered":"\n<h2 class=\"wp-block-heading\">Samodzielny konfigurator 3D<\/h2>\n\n<p><strong>Sprawd\u017a, w jaki spos\u00f3b konfigurator 3D mebli mo\u017ce by\u0107 wykorzystany do wsparcia marketingu i zwi\u0119kszenia sprzeda\u017cy.<\/strong><\/p>\n\n<p>Przyjazne dla urz\u0105dze\u0144 mobilnych samodzielne narz\u0119dzie, kt\u00f3re upraszcza dostosowywanie produkt\u00f3w i wspiera zar\u00f3wno zespo\u0142y sprzeda\u017cy, jak i klient\u00f3w ko\u0144cowych. \u015awietnie nadaje si\u0119 do czystego UX, \u0142atwego udost\u0119pniania i zwi\u0119kszania zaanga\u017cowania.<\/p>\n\n<ul class=\"wp-block-list\">\n<li>#1 \u0141atwyi przejrzysty interfejs u\u017cytkownika<\/li>\n\n\n\n<li>#2 Klient mo\u017ce udost\u0119pni\u0107 link swoim znajomym lub zapisa\u0107 go na p\u00f3\u017aniej, aby przedyskutowa\u0107 zakup z cz\u0142onkami rodziny.<\/li>\n\n\n\n<li>#3 Przydatne narz\u0119dzie dla sprzedawc\u00f3w, kt\u00f3re zwi\u0119kszy mo\u017cliwo\u015bci dla klient\u00f3w<\/li>\n<\/ul>\n\n<figure class=\"wp-block-image gallery-item\"><a href=\"https:\/\/virtenzo.com\/wp-content\/uploads\/2025\/08\/Rectangle.webp\"><img decoding=\"async\" src=\"https:\/\/virtenzo.com\/wp-content\/uploads\/2025\/08\/Rectangle-768x343.webp\" alt=\"\"\/><\/a><figcaption class=\"wp-element-caption\">Por\u0119czne narz\u0119dzie sprzeda\u017cy<\/figcaption><\/figure>\n\n<figure class=\"wp-block-image gallery-item\"><a href=\"https:\/\/virtenzo.com\/wp-content\/uploads\/2025\/06\/virtual-showroom-mid.jpg\"><img decoding=\"async\" src=\"https:\/\/virtenzo.com\/wp-content\/uploads\/2025\/06\/virtual-showroom-mid.jpg\" alt=\"\"\/><\/a><figcaption class=\"wp-element-caption\">Zwi\u0119ksza zaanga\u017cowanie klienta<\/figcaption><\/figure>\n\n<p>Przyjazne dla urz\u0105dze\u0144 mobilnych samodzielne narz\u0119dzie, kt\u00f3re upraszcza dostosowywanie produkt\u00f3w i wspiera zar\u00f3wno zespo\u0142y sprzeda\u017cy, jak i klient\u00f3w ko\u0144cowych. \u015awietnie nadaje si\u0119 do czystego UX, \u0142atwego udost\u0119pniania i zwi\u0119kszania zaanga\u017cowania.<\/p>\n\n<h2 class=\"wp-block-heading\">Integracja z E-commerce<\/h2>\n\n<p>Zintegrowany bezpo\u015brednio z platformami takimi jak Shopify, WooCommerce i Magento &#8211; pakiet ten zwi\u0119ksza konwersj\u0119 w e-sklepie, zmniejsza liczb\u0119 zwrot\u00f3w i automatyzuje logik\u0119 cenow\u0105, dodatkowo synchronizuj\u0105c si\u0119 z analityk\u0105.<\/p>\n\n<h2 class=\"wp-block-heading\">Wirtualny salon wystawowy<\/h2>\n\n<p>Wci\u0105gaj\u0105ce \u015brodowisko online do prezentacji kolekcji w fotorealistycznym, interaktywnym formacie. Idealny do budowania efektu wow i zwi\u0119kszania obecno\u015bci marki.<\/p>\n\n<h2 class=\"wp-block-heading\">Infokiosk z ekranem dotykowym<\/h2>\n\n<p>Stojaki z ekranem dotykowym do sklep\u00f3w fizycznych lub ekspozycji &#8211; idealne do anga\u017cowania klient\u00f3w bez niepor\u0119cznych pr\u00f3bek fizycznych. Dost\u0119pne s\u0105 wersje analityczne i bud\u017cetowe.<\/p>\n","protected":false},"excerpt":{"rendered":"<p>Samodzielny konfigurator 3D Sprawd\u017a, w jaki spos\u00f3b konfigurator 3D mebli mo\u017ce by\u0107 wykorzystany do wsparcia marketingu i zwi\u0119kszenia sprzeda\u017cy. Przyjazne dla urz\u0105dze\u0144 mobilnych samodzielne narz\u0119dzie, kt\u00f3re upraszcza dostosowywanie produkt\u00f3w i wspiera zar\u00f3wno zespo\u0142y sprzeda\u017cy, jak i klient\u00f3w ko\u0144cowych. \u015awietnie nadaje si\u0119 do czystego UX, \u0142atwego udost\u0119pniania i zwi\u0119kszania zaanga\u017cowania. Przyjazne dla urz\u0105dze\u0144 mobilnych samodzielne narz\u0119dzie, [&hellip;]<\/p>\n","protected":false},"author":6,"featured_media":0,"parent":0,"menu_order":0,"comment_status":"closed","ping_status":"closed","template":"","meta":{"virtenzo_enable_toc":"","_hide_page_title":false,"footnotes":""},"class_list":["post-6622","page","type-page","status-publish","hentry"],"yoast_head":"<!-- This site is optimized with the Yoast SEO plugin v27.3 - https:\/\/yoast.com\/product\/yoast-seo-wordpress\/ -->\n<title>Przyk\u0142ady u\u017cycia - Virtenzo<\/title>\n<meta name=\"description\" content=\"Elevate your furniture brand with Virtenzo&#039;s 3D Furniture Configurator. Revolutionize online and in-store experiences with customizable 3D visuals and virtual room tours. Let your furniture shine and drive sales like never before.\" \/>\n<meta name=\"robots\" content=\"index, follow, max-snippet:-1, max-image-preview:large, max-video-preview:-1\" \/>\n<link rel=\"canonical\" href=\"https:\/\/virtenzo.com\/pl\/przyklady-uzycia\/\" \/>\n<meta property=\"og:locale\" content=\"pl_PL\" \/>\n<meta property=\"og:type\" content=\"article\" \/>\n<meta property=\"og:title\" content=\"Przyk\u0142ady u\u017cycia - Virtenzo\" \/>\n<meta property=\"og:description\" content=\"Elevate your furniture brand with Virtenzo&#039;s 3D Furniture Configurator. Revolutionize online and in-store experiences with customizable 3D visuals and virtual room tours. Let your furniture shine and drive sales like never before.\" \/>\n<meta property=\"og:url\" content=\"https:\/\/virtenzo.com\/pl\/przyklady-uzycia\/\" \/>\n<meta property=\"og:site_name\" content=\"Virtenzo\" \/>\n<meta property=\"article:modified_time\" content=\"2026-03-21T21:04:45+00:00\" \/>\n<meta property=\"og:image\" content=\"https:\/\/virtenzo.com\/wp-content\/uploads\/2025\/08\/Rectangle-768x343.webp\" \/>\n<meta name=\"twitter:card\" content=\"summary_large_image\" \/>\n<meta name=\"twitter:label1\" content=\"Szacowany czas czytania\" \/>\n\t<meta name=\"twitter:data1\" content=\"1 minute\" \/>\n<script type=\"application\/ld+json\" class=\"yoast-schema-graph\">{\"@context\":\"https:\\\/\\\/schema.org\",\"@graph\":[{\"@type\":\"WebPage\",\"@id\":\"https:\\\/\\\/virtenzo.com\\\/pl\\\/przyklady-uzycia\\\/\",\"url\":\"https:\\\/\\\/virtenzo.com\\\/pl\\\/przyklady-uzycia\\\/\",\"name\":\"Przyk\u0142ady u\u017cycia - Virtenzo\",\"isPartOf\":{\"@id\":\"https:\\\/\\\/virtenzo.com\\\/pl\\\/#website\"},\"primaryImageOfPage\":{\"@id\":\"https:\\\/\\\/virtenzo.com\\\/pl\\\/przyklady-uzycia\\\/#primaryimage\"},\"image\":{\"@id\":\"https:\\\/\\\/virtenzo.com\\\/pl\\\/przyklady-uzycia\\\/#primaryimage\"},\"thumbnailUrl\":\"https:\\\/\\\/virtenzo.com\\\/wp-content\\\/uploads\\\/2025\\\/08\\\/Rectangle-768x343.webp\",\"datePublished\":\"2025-08-26T23:20:08+00:00\",\"dateModified\":\"2026-03-21T21:04:45+00:00\",\"description\":\"Elevate your furniture brand with Virtenzo's 3D Furniture Configurator. Revolutionize online and in-store experiences with customizable 3D visuals and virtual room tours. Let your furniture shine and drive sales like never before.\",\"breadcrumb\":{\"@id\":\"https:\\\/\\\/virtenzo.com\\\/pl\\\/przyklady-uzycia\\\/#breadcrumb\"},\"inLanguage\":\"pl-PL\",\"potentialAction\":[{\"@type\":\"ReadAction\",\"target\":[\"https:\\\/\\\/virtenzo.com\\\/pl\\\/przyklady-uzycia\\\/\"]}]},{\"@type\":\"ImageObject\",\"inLanguage\":\"pl-PL\",\"@id\":\"https:\\\/\\\/virtenzo.com\\\/pl\\\/przyklady-uzycia\\\/#primaryimage\",\"url\":\"https:\\\/\\\/virtenzo.com\\\/wp-content\\\/uploads\\\/2025\\\/08\\\/Rectangle-768x343.webp\",\"contentUrl\":\"https:\\\/\\\/virtenzo.com\\\/wp-content\\\/uploads\\\/2025\\\/08\\\/Rectangle-768x343.webp\"},{\"@type\":\"BreadcrumbList\",\"@id\":\"https:\\\/\\\/virtenzo.com\\\/pl\\\/przyklady-uzycia\\\/#breadcrumb\",\"itemListElement\":[{\"@type\":\"ListItem\",\"position\":1,\"name\":\"Home\",\"item\":\"https:\\\/\\\/virtenzo.com\\\/pl\\\/\"},{\"@type\":\"ListItem\",\"position\":2,\"name\":\"Przyk\u0142ady u\u017cycia\"}]},{\"@type\":\"WebSite\",\"@id\":\"https:\\\/\\\/virtenzo.com\\\/pl\\\/#website\",\"url\":\"https:\\\/\\\/virtenzo.com\\\/pl\\\/\",\"name\":\"Virtenzo: 3D Furniture Configurator Solutions\",\"description\":\"3D Configurator Furniture Solutions\",\"publisher\":{\"@id\":\"https:\\\/\\\/virtenzo.com\\\/pl\\\/#organization\"},\"alternateName\":\"Virtenzo 3D configurators\",\"potentialAction\":[{\"@type\":\"SearchAction\",\"target\":{\"@type\":\"EntryPoint\",\"urlTemplate\":\"https:\\\/\\\/virtenzo.com\\\/pl\\\/?s={search_term_string}\"},\"query-input\":{\"@type\":\"PropertyValueSpecification\",\"valueRequired\":true,\"valueName\":\"search_term_string\"}}],\"inLanguage\":\"pl-PL\"},{\"@type\":\"Organization\",\"@id\":\"https:\\\/\\\/virtenzo.com\\\/pl\\\/#organization\",\"name\":\"Virtenzo\",\"url\":\"https:\\\/\\\/virtenzo.com\\\/pl\\\/\",\"logo\":{\"@type\":\"ImageObject\",\"inLanguage\":\"pl-PL\",\"@id\":\"https:\\\/\\\/virtenzo.com\\\/pl\\\/#\\\/schema\\\/logo\\\/image\\\/\",\"url\":\"https:\\\/\\\/virtenzo.com\\\/wp-content\\\/uploads\\\/2023\\\/06\\\/logo-main.webp\",\"contentUrl\":\"https:\\\/\\\/virtenzo.com\\\/wp-content\\\/uploads\\\/2023\\\/06\\\/logo-main.webp\",\"width\":600,\"height\":150,\"caption\":\"Virtenzo\"},\"image\":{\"@id\":\"https:\\\/\\\/virtenzo.com\\\/pl\\\/#\\\/schema\\\/logo\\\/image\\\/\"}}]}<\/script>\n<!-- \/ Yoast SEO plugin. -->","yoast_head_json":{"title":"Przyk\u0142ady u\u017cycia - Virtenzo","description":"Elevate your furniture brand with Virtenzo's 3D Furniture Configurator. Revolutionize online and in-store experiences with customizable 3D visuals and virtual room tours. Let your furniture shine and drive sales like never before.","robots":{"index":"index","follow":"follow","max-snippet":"max-snippet:-1","max-image-preview":"max-image-preview:large","max-video-preview":"max-video-preview:-1"},"canonical":"https:\/\/virtenzo.com\/pl\/przyklady-uzycia\/","og_locale":"pl_PL","og_type":"article","og_title":"Przyk\u0142ady u\u017cycia - Virtenzo","og_description":"Elevate your furniture brand with Virtenzo's 3D Furniture Configurator. Revolutionize online and in-store experiences with customizable 3D visuals and virtual room tours. Let your furniture shine and drive sales like never before.","og_url":"https:\/\/virtenzo.com\/pl\/przyklady-uzycia\/","og_site_name":"Virtenzo","article_modified_time":"2026-03-21T21:04:45+00:00","og_image":[{"url":"https:\/\/virtenzo.com\/wp-content\/uploads\/2025\/08\/Rectangle-768x343.webp","type":"","width":"","height":""}],"twitter_card":"summary_large_image","twitter_misc":{"Szacowany czas czytania":"1 minute"},"schema":{"@context":"https:\/\/schema.org","@graph":[{"@type":"WebPage","@id":"https:\/\/virtenzo.com\/pl\/przyklady-uzycia\/","url":"https:\/\/virtenzo.com\/pl\/przyklady-uzycia\/","name":"Przyk\u0142ady u\u017cycia - Virtenzo","isPartOf":{"@id":"https:\/\/virtenzo.com\/pl\/#website"},"primaryImageOfPage":{"@id":"https:\/\/virtenzo.com\/pl\/przyklady-uzycia\/#primaryimage"},"image":{"@id":"https:\/\/virtenzo.com\/pl\/przyklady-uzycia\/#primaryimage"},"thumbnailUrl":"https:\/\/virtenzo.com\/wp-content\/uploads\/2025\/08\/Rectangle-768x343.webp","datePublished":"2025-08-26T23:20:08+00:00","dateModified":"2026-03-21T21:04:45+00:00","description":"Elevate your furniture brand with Virtenzo's 3D Furniture Configurator. Revolutionize online and in-store experiences with customizable 3D visuals and virtual room tours. Let your furniture shine and drive sales like never before.","breadcrumb":{"@id":"https:\/\/virtenzo.com\/pl\/przyklady-uzycia\/#breadcrumb"},"inLanguage":"pl-PL","potentialAction":[{"@type":"ReadAction","target":["https:\/\/virtenzo.com\/pl\/przyklady-uzycia\/"]}]},{"@type":"ImageObject","inLanguage":"pl-PL","@id":"https:\/\/virtenzo.com\/pl\/przyklady-uzycia\/#primaryimage","url":"https:\/\/virtenzo.com\/wp-content\/uploads\/2025\/08\/Rectangle-768x343.webp","contentUrl":"https:\/\/virtenzo.com\/wp-content\/uploads\/2025\/08\/Rectangle-768x343.webp"},{"@type":"BreadcrumbList","@id":"https:\/\/virtenzo.com\/pl\/przyklady-uzycia\/#breadcrumb","itemListElement":[{"@type":"ListItem","position":1,"name":"Home","item":"https:\/\/virtenzo.com\/pl\/"},{"@type":"ListItem","position":2,"name":"Przyk\u0142ady u\u017cycia"}]},{"@type":"WebSite","@id":"https:\/\/virtenzo.com\/pl\/#website","url":"https:\/\/virtenzo.com\/pl\/","name":"Virtenzo: 3D Furniture Configurator Solutions","description":"3D Configurator Furniture Solutions","publisher":{"@id":"https:\/\/virtenzo.com\/pl\/#organization"},"alternateName":"Virtenzo 3D configurators","potentialAction":[{"@type":"SearchAction","target":{"@type":"EntryPoint","urlTemplate":"https:\/\/virtenzo.com\/pl\/?s={search_term_string}"},"query-input":{"@type":"PropertyValueSpecification","valueRequired":true,"valueName":"search_term_string"}}],"inLanguage":"pl-PL"},{"@type":"Organization","@id":"https:\/\/virtenzo.com\/pl\/#organization","name":"Virtenzo","url":"https:\/\/virtenzo.com\/pl\/","logo":{"@type":"ImageObject","inLanguage":"pl-PL","@id":"https:\/\/virtenzo.com\/pl\/#\/schema\/logo\/image\/","url":"https:\/\/virtenzo.com\/wp-content\/uploads\/2023\/06\/logo-main.webp","contentUrl":"https:\/\/virtenzo.com\/wp-content\/uploads\/2023\/06\/logo-main.webp","width":600,"height":150,"caption":"Virtenzo"},"image":{"@id":"https:\/\/virtenzo.com\/pl\/#\/schema\/logo\/image\/"}}]}},"_links":{"self":[{"href":"https:\/\/virtenzo.com\/pl\/wp-json\/wp\/v2\/pages\/6622","targetHints":{"allow":["GET"]}}],"collection":[{"href":"https:\/\/virtenzo.com\/pl\/wp-json\/wp\/v2\/pages"}],"about":[{"href":"https:\/\/virtenzo.com\/pl\/wp-json\/wp\/v2\/types\/page"}],"author":[{"embeddable":true,"href":"https:\/\/virtenzo.com\/pl\/wp-json\/wp\/v2\/users\/6"}],"replies":[{"embeddable":true,"href":"https:\/\/virtenzo.com\/pl\/wp-json\/wp\/v2\/comments?post=6622"}],"version-history":[{"count":1,"href":"https:\/\/virtenzo.com\/pl\/wp-json\/wp\/v2\/pages\/6622\/revisions"}],"predecessor-version":[{"id":6623,"href":"https:\/\/virtenzo.com\/pl\/wp-json\/wp\/v2\/pages\/6622\/revisions\/6623"}],"wp:attachment":[{"href":"https:\/\/virtenzo.com\/pl\/wp-json\/wp\/v2\/media?parent=6622"}],"curies":[{"name":"wp","href":"https:\/\/api.w.org\/{rel}","templated":true}]}}