{"id":6117,"date":"2025-11-25T11:49:42","date_gmt":"2025-11-25T10:49:42","guid":{"rendered":"https:\/\/virtenzo.com\/wspolpraca\/"},"modified":"2026-01-06T17:29:23","modified_gmt":"2026-01-06T16:29:23","slug":"wspolpraca","status":"publish","type":"page","link":"https:\/\/virtenzo.com\/pl\/wspolpraca\/","title":{"rendered":"Wsp\u00f3\u0142praca"},"content":{"rendered":"\n<p><strong>Jeste\u015bmy otwarci na wsp\u00f3\u0142prac\u0119 z firmami, kt\u00f3re ceni\u0105 sobie jako\u015b\u0107, kreatywno\u015b\u0107 i rzetelne podej\u015bcie. Wsp\u00f3\u0142pracujemy z: <\/strong><\/p>\n\n<ul class=\"wp-block-list\">\n<li><strong>Muzea i organizacje non-profit<\/strong> &#8211; wspieranie inicjatyw kulturalnych, edukacyjnych i po\u017cytku publicznego.<\/li>\n\n\n\n<li>Organizatorzy Event\u00f3w &#8211; dostarczaj\u0105ce rozwi\u0105zania 3D, wizualizacje i elementy interaktywne, na potrzeby wydarze\u0144 o dowolnej skali.<\/li>\n\n\n\n<li>Arty\u015bci i tw\u00f3rcy niezale\u017cni &#8211; Ch\u0119tnie wesprzemy realizacj\u0119 wyj\u0105tkowych projekt\u00f3w i zapewnimy specjalistyczn\u0105 wiedz\u0119 techniczn\u0105 oraz know-how niezb\u0119dne do stworzenia wysokiej jako\u015bci produkcji z u\u017cyciem rozwi\u0105za\u0144 3D.<\/li>\n\n\n\n<li><strong>Agencje interaktywne<\/strong>, kt\u00f3re chc\u0105 rozszerzy\u0107 swoj\u0105 ofert\u0119 us\u0142ug o <strong>rozwi\u0105zania 3D<\/strong> i poszukuj\u0105 zaufanego podwykonawcy, z profesjonalnym podej\u015bciem i mo\u017cliwo\u015bciami us\u0142ug na topowym poziomie.<\/li>\n<\/ul>\n\n<p>Pomagamy r\u00f3wnie\u017c w przygotowaniu <strong>dokumentacji technicznej<\/strong> wymaganej do uzyskania dotacji lub udzia\u0142u w <strong>przetargach publicznych<\/strong>.<\/p>\n\n<p>If you\u2019re interested in working together, we\u2019d be happy to discuss how we can support your project.<\/p>\n","protected":false},"excerpt":{"rendered":"<p>Jeste\u015bmy otwarci na wsp\u00f3\u0142prac\u0119 z firmami, kt\u00f3re ceni\u0105 sobie jako\u015b\u0107, kreatywno\u015b\u0107 i rzetelne podej\u015bcie. Wsp\u00f3\u0142pracujemy z: Pomagamy r\u00f3wnie\u017c w przygotowaniu dokumentacji technicznej wymaganej do uzyskania dotacji lub udzia\u0142u w przetargach publicznych. If you\u2019re interested in working together, we\u2019d be happy to discuss how we can support your project.<\/p>\n","protected":false},"author":1,"featured_media":0,"parent":0,"menu_order":0,"comment_status":"closed","ping_status":"closed","template":"","meta":{"virtenzo_enable_toc":"","_hide_page_title":false,"footnotes":""},"class_list":["post-6117","page","type-page","status-publish","hentry"],"yoast_head":"<!-- This site is optimized with the Yoast SEO plugin v27.4 - https:\/\/yoast.com\/product\/yoast-seo-wordpress\/ -->\n<title>Wsp\u00f3\u0142praca - Virtenzo<\/title>\n<meta name=\"description\" content=\"Elevate your furniture brand with Virtenzo&#039;s 3D Furniture Configurator. Revolutionize online and in-store experiences with customizable 3D visuals and virtual room tours. Let your furniture shine and drive sales like never before.\" \/>\n<meta name=\"robots\" content=\"index, follow, max-snippet:-1, max-image-preview:large, max-video-preview:-1\" \/>\n<link rel=\"canonical\" href=\"https:\/\/virtenzo.com\/pl\/wspolpraca\/\" \/>\n<meta property=\"og:locale\" content=\"pl_PL\" \/>\n<meta property=\"og:type\" content=\"article\" \/>\n<meta property=\"og:title\" content=\"Wsp\u00f3\u0142praca - Virtenzo\" \/>\n<meta property=\"og:description\" content=\"Elevate your furniture brand with Virtenzo&#039;s 3D Furniture Configurator. Revolutionize online and in-store experiences with customizable 3D visuals and virtual room tours. Let your furniture shine and drive sales like never before.\" \/>\n<meta property=\"og:url\" content=\"https:\/\/virtenzo.com\/pl\/wspolpraca\/\" \/>\n<meta property=\"og:site_name\" content=\"Virtenzo\" \/>\n<meta property=\"article:modified_time\" content=\"2026-01-06T16:29:23+00:00\" \/>\n<meta name=\"twitter:card\" content=\"summary_large_image\" \/>\n<meta name=\"twitter:label1\" content=\"Szacowany czas czytania\" \/>\n\t<meta name=\"twitter:data1\" content=\"1 minute\" \/>\n<script type=\"application\/ld+json\" class=\"yoast-schema-graph\">{\"@context\":\"https:\\\/\\\/schema.org\",\"@graph\":[{\"@type\":\"WebPage\",\"@id\":\"https:\\\/\\\/virtenzo.com\\\/pl\\\/wspolpraca\\\/\",\"url\":\"https:\\\/\\\/virtenzo.com\\\/pl\\\/wspolpraca\\\/\",\"name\":\"Wsp\u00f3\u0142praca - Virtenzo\",\"isPartOf\":{\"@id\":\"https:\\\/\\\/virtenzo.com\\\/pl\\\/#website\"},\"datePublished\":\"2025-11-25T10:49:42+00:00\",\"dateModified\":\"2026-01-06T16:29:23+00:00\",\"description\":\"Elevate your furniture brand with Virtenzo's 3D Furniture Configurator. Revolutionize online and in-store experiences with customizable 3D visuals and virtual room tours. Let your furniture shine and drive sales like never before.\",\"breadcrumb\":{\"@id\":\"https:\\\/\\\/virtenzo.com\\\/pl\\\/wspolpraca\\\/#breadcrumb\"},\"inLanguage\":\"pl-PL\",\"potentialAction\":[{\"@type\":\"ReadAction\",\"target\":[\"https:\\\/\\\/virtenzo.com\\\/pl\\\/wspolpraca\\\/\"]}]},{\"@type\":\"BreadcrumbList\",\"@id\":\"https:\\\/\\\/virtenzo.com\\\/pl\\\/wspolpraca\\\/#breadcrumb\",\"itemListElement\":[{\"@type\":\"ListItem\",\"position\":1,\"name\":\"Home\",\"item\":\"https:\\\/\\\/virtenzo.com\\\/pl\\\/\"},{\"@type\":\"ListItem\",\"position\":2,\"name\":\"Wsp\u00f3\u0142praca\"}]},{\"@type\":\"WebSite\",\"@id\":\"https:\\\/\\\/virtenzo.com\\\/pl\\\/#website\",\"url\":\"https:\\\/\\\/virtenzo.com\\\/pl\\\/\",\"name\":\"Virtenzo: 3D Furniture Configurator Solutions\",\"description\":\"3D Configurator Furniture Solutions\",\"publisher\":{\"@id\":\"https:\\\/\\\/virtenzo.com\\\/pl\\\/#organization\"},\"alternateName\":\"Virtenzo 3D configurators\",\"potentialAction\":[{\"@type\":\"SearchAction\",\"target\":{\"@type\":\"EntryPoint\",\"urlTemplate\":\"https:\\\/\\\/virtenzo.com\\\/pl\\\/?s={search_term_string}\"},\"query-input\":{\"@type\":\"PropertyValueSpecification\",\"valueRequired\":true,\"valueName\":\"search_term_string\"}}],\"inLanguage\":\"pl-PL\"},{\"@type\":\"Organization\",\"@id\":\"https:\\\/\\\/virtenzo.com\\\/pl\\\/#organization\",\"name\":\"Virtenzo\",\"url\":\"https:\\\/\\\/virtenzo.com\\\/pl\\\/\",\"logo\":{\"@type\":\"ImageObject\",\"inLanguage\":\"pl-PL\",\"@id\":\"https:\\\/\\\/virtenzo.com\\\/pl\\\/#\\\/schema\\\/logo\\\/image\\\/\",\"url\":\"https:\\\/\\\/virtenzo.com\\\/wp-content\\\/uploads\\\/2023\\\/06\\\/logo-main.webp\",\"contentUrl\":\"https:\\\/\\\/virtenzo.com\\\/wp-content\\\/uploads\\\/2023\\\/06\\\/logo-main.webp\",\"width\":600,\"height\":150,\"caption\":\"Virtenzo\"},\"image\":{\"@id\":\"https:\\\/\\\/virtenzo.com\\\/pl\\\/#\\\/schema\\\/logo\\\/image\\\/\"}}]}<\/script>\n<!-- \/ Yoast SEO plugin. -->","yoast_head_json":{"title":"Wsp\u00f3\u0142praca - Virtenzo","description":"Elevate your furniture brand with Virtenzo's 3D Furniture Configurator. Revolutionize online and in-store experiences with customizable 3D visuals and virtual room tours. Let your furniture shine and drive sales like never before.","robots":{"index":"index","follow":"follow","max-snippet":"max-snippet:-1","max-image-preview":"max-image-preview:large","max-video-preview":"max-video-preview:-1"},"canonical":"https:\/\/virtenzo.com\/pl\/wspolpraca\/","og_locale":"pl_PL","og_type":"article","og_title":"Wsp\u00f3\u0142praca - Virtenzo","og_description":"Elevate your furniture brand with Virtenzo's 3D Furniture Configurator. Revolutionize online and in-store experiences with customizable 3D visuals and virtual room tours. Let your furniture shine and drive sales like never before.","og_url":"https:\/\/virtenzo.com\/pl\/wspolpraca\/","og_site_name":"Virtenzo","article_modified_time":"2026-01-06T16:29:23+00:00","twitter_card":"summary_large_image","twitter_misc":{"Szacowany czas czytania":"1 minute"},"schema":{"@context":"https:\/\/schema.org","@graph":[{"@type":"WebPage","@id":"https:\/\/virtenzo.com\/pl\/wspolpraca\/","url":"https:\/\/virtenzo.com\/pl\/wspolpraca\/","name":"Wsp\u00f3\u0142praca - Virtenzo","isPartOf":{"@id":"https:\/\/virtenzo.com\/pl\/#website"},"datePublished":"2025-11-25T10:49:42+00:00","dateModified":"2026-01-06T16:29:23+00:00","description":"Elevate your furniture brand with Virtenzo's 3D Furniture Configurator. Revolutionize online and in-store experiences with customizable 3D visuals and virtual room tours. Let your furniture shine and drive sales like never before.","breadcrumb":{"@id":"https:\/\/virtenzo.com\/pl\/wspolpraca\/#breadcrumb"},"inLanguage":"pl-PL","potentialAction":[{"@type":"ReadAction","target":["https:\/\/virtenzo.com\/pl\/wspolpraca\/"]}]},{"@type":"BreadcrumbList","@id":"https:\/\/virtenzo.com\/pl\/wspolpraca\/#breadcrumb","itemListElement":[{"@type":"ListItem","position":1,"name":"Home","item":"https:\/\/virtenzo.com\/pl\/"},{"@type":"ListItem","position":2,"name":"Wsp\u00f3\u0142praca"}]},{"@type":"WebSite","@id":"https:\/\/virtenzo.com\/pl\/#website","url":"https:\/\/virtenzo.com\/pl\/","name":"Virtenzo: 3D Furniture Configurator Solutions","description":"3D Configurator Furniture Solutions","publisher":{"@id":"https:\/\/virtenzo.com\/pl\/#organization"},"alternateName":"Virtenzo 3D configurators","potentialAction":[{"@type":"SearchAction","target":{"@type":"EntryPoint","urlTemplate":"https:\/\/virtenzo.com\/pl\/?s={search_term_string}"},"query-input":{"@type":"PropertyValueSpecification","valueRequired":true,"valueName":"search_term_string"}}],"inLanguage":"pl-PL"},{"@type":"Organization","@id":"https:\/\/virtenzo.com\/pl\/#organization","name":"Virtenzo","url":"https:\/\/virtenzo.com\/pl\/","logo":{"@type":"ImageObject","inLanguage":"pl-PL","@id":"https:\/\/virtenzo.com\/pl\/#\/schema\/logo\/image\/","url":"https:\/\/virtenzo.com\/wp-content\/uploads\/2023\/06\/logo-main.webp","contentUrl":"https:\/\/virtenzo.com\/wp-content\/uploads\/2023\/06\/logo-main.webp","width":600,"height":150,"caption":"Virtenzo"},"image":{"@id":"https:\/\/virtenzo.com\/pl\/#\/schema\/logo\/image\/"}}]}},"_links":{"self":[{"href":"https:\/\/virtenzo.com\/pl\/wp-json\/wp\/v2\/pages\/6117","targetHints":{"allow":["GET"]}}],"collection":[{"href":"https:\/\/virtenzo.com\/pl\/wp-json\/wp\/v2\/pages"}],"about":[{"href":"https:\/\/virtenzo.com\/pl\/wp-json\/wp\/v2\/types\/page"}],"author":[{"embeddable":true,"href":"https:\/\/virtenzo.com\/pl\/wp-json\/wp\/v2\/users\/1"}],"replies":[{"embeddable":true,"href":"https:\/\/virtenzo.com\/pl\/wp-json\/wp\/v2\/comments?post=6117"}],"version-history":[{"count":2,"href":"https:\/\/virtenzo.com\/pl\/wp-json\/wp\/v2\/pages\/6117\/revisions"}],"predecessor-version":[{"id":6483,"href":"https:\/\/virtenzo.com\/pl\/wp-json\/wp\/v2\/pages\/6117\/revisions\/6483"}],"wp:attachment":[{"href":"https:\/\/virtenzo.com\/pl\/wp-json\/wp\/v2\/media?parent=6117"}],"curies":[{"name":"wp","href":"https:\/\/api.w.org\/{rel}","templated":true}]}}