{"id":5976,"date":"2025-10-19T07:12:32","date_gmt":"2025-10-19T05:12:32","guid":{"rendered":"https:\/\/virtenzo.com\/baza-wiedzy\/"},"modified":"2025-12-10T22:54:44","modified_gmt":"2025-12-10T21:54:44","slug":"baza-wiedzy","status":"publish","type":"page","link":"https:\/\/virtenzo.com\/pl\/baza-wiedzy\/","title":{"rendered":"Baza wiedzy"},"content":{"rendered":"\n<div class=\"wp-block-group alignfull posts-grid-section has-background has-global-padding is-layout-constrained wp-container-core-group-is-layout-1131b0e3 wp-block-group-is-layout-constrained\" style=\"background-color:rgba(121, 200, 202, 0.2);margin-top:0;margin-bottom:0;padding-top:var(--wp--preset--spacing--60);padding-bottom:var(--wp--preset--spacing--60);padding-left:var(--wp--preset--spacing--30);padding-right:var(--wp--preset--spacing--30)\">\n\n\n<div class=\"wp-block-query alignwide vrtnz-posts-grid is-layout-flow wp-block-query-is-layout-flow\">\n\n<ul class=\"columns-2 wp-block-post-template is-layout-grid wp-container-core-post-template-is-layout-02493678 wp-block-post-template-is-layout-grid\"><li class=\"wp-block-post post-5489 post type-post status-publish format-standard has-post-thumbnail hentry category-baza-wiedzy\">\n\n\n<div class=\"wp-block-group post-card has-white-background-color has-background has-global-padding is-layout-constrained wp-container-core-group-is-layout-da604d14 wp-block-group-is-layout-constrained\" style=\"border-radius:8px;padding-top:0;padding-right:0;padding-bottom:0;padding-left:0\">\n\n<figure style=\"aspect-ratio:16\/9;\" class=\"wp-block-post-featured-image\"><a href=\"https:\/\/virtenzo.com\/pl\/baza-wiedzy\/pakiet-e-commerce-plynna-integracja-dla-skuteczniejszej-sprzedazy\/\" target=\"_self\"  ><img loading=\"lazy\" decoding=\"async\" width=\"1773\" height=\"791\" src=\"https:\/\/virtenzo.com\/wp-content\/uploads\/2025\/08\/Rectangle.webp\" class=\"attachment-post-thumbnail size-post-thumbnail wp-post-image\" alt=\"Pakiet E-Commerce &#8211; p\u0142ynna integracja dla skuteczniejszej sprzeda\u017cy\" style=\"border-top-left-radius:8px;border-top-right-radius:8px;border-bottom-left-radius:0px;border-bottom-right-radius:0px;width:100%;height:100%;object-fit:cover;\" srcset=\"https:\/\/virtenzo.com\/wp-content\/uploads\/2025\/08\/Rectangle.webp 1773w, https:\/\/virtenzo.com\/wp-content\/uploads\/2025\/08\/Rectangle-300x134.webp 300w, https:\/\/virtenzo.com\/wp-content\/uploads\/2025\/08\/Rectangle-1024x457.webp 1024w, https:\/\/virtenzo.com\/wp-content\/uploads\/2025\/08\/Rectangle-768x343.webp 768w, https:\/\/virtenzo.com\/wp-content\/uploads\/2025\/08\/Rectangle-1536x685.webp 1536w\" sizes=\"auto, (max-width: 1773px) 100vw, 1773px\" \/><\/a><\/figure>\n\n\n<div class=\"wp-block-group has-global-padding is-layout-constrained wp-container-core-group-is-layout-f259b409 wp-block-group-is-layout-constrained\" style=\"padding-top:24px;padding-right:40px;padding-bottom:24px;padding-left:40px\">\n\n<div style=\"font-size:clamp(14px, 0.875rem + ((1vw - 3.2px) * 0.244), 16px);font-weight:400\" class=\"taxonomy-category has-link-color post-category-badge wp-elements-bec219aca0e93e59f890d845315c342a wp-block-post-terms\"><a href=\"https:\/\/virtenzo.com\/pl\/category\/baza-wiedzy\/\" rel=\"tag\">Baza wiedzy<\/a><\/div>\n\n<h3 style=\"font-weight:700;line-height:1.3; margin-top:0;margin-bottom:0;\" class=\"has-link-color wp-elements-165f29e7c703f6d10e5a14303125876d wp-block-post-title has-large-font-size has-montserrat-font-family\"><a href=\"https:\/\/virtenzo.com\/pl\/baza-wiedzy\/pakiet-e-commerce-plynna-integracja-dla-skuteczniejszej-sprzedazy\/\" target=\"_self\" >Pakiet E-Commerce &#8211; p\u0142ynna integracja dla skuteczniejszej sprzeda\u017cy<\/a><\/h3>\n\n<div style=\"line-height:1.6; margin-top:12px;\" class=\"wp-block-post-excerpt has-text-color has-text-primary-color has-medium-font-size\"><p class=\"wp-block-post-excerpt__excerpt\">Pakiet e-commerce &#8211; p\u0142ynna integracja dla inteligentniejszej sprzeda\u017cy Pakiet E-Commerce od Virtenzo zosta\u0142 stworzony z my\u015bl\u0105 o firmach, kt\u00f3re chc\u0105 wzmocni\u0107 swoj\u0105 obecno\u015b\u0107 w handlu&hellip; <\/p><\/div>\n\n<\/div>\n\n\n<\/div>\n\n\n<\/li><li class=\"wp-block-post post-5493 post type-post status-publish format-standard has-post-thumbnail hentry category-baza-wiedzy\">\n\n\n<div class=\"wp-block-group post-card has-white-background-color has-background has-global-padding is-layout-constrained wp-container-core-group-is-layout-da604d14 wp-block-group-is-layout-constrained\" style=\"border-radius:8px;padding-top:0;padding-right:0;padding-bottom:0;padding-left:0\">\n\n<figure style=\"aspect-ratio:16\/9;\" class=\"wp-block-post-featured-image\"><a href=\"https:\/\/virtenzo.com\/pl\/baza-wiedzy\/infokiosk-cyfrowe-doswiadczenie-produktu-w-przestrzeni-fizycznej\/\" target=\"_self\"  ><img loading=\"lazy\" decoding=\"async\" width=\"550\" height=\"430\" src=\"https:\/\/virtenzo.com\/wp-content\/uploads\/2025\/06\/virtual-showroom-mid.jpg\" class=\"attachment-post-thumbnail size-post-thumbnail wp-post-image\" alt=\"Infokiosk &#8211; cyfrowe do\u015bwiadczenie produktu w przestrzeni fizycznej\" style=\"border-top-left-radius:8px;border-top-right-radius:8px;border-bottom-left-radius:0px;border-bottom-right-radius:0px;width:100%;height:100%;object-fit:cover;\" srcset=\"https:\/\/virtenzo.com\/wp-content\/uploads\/2025\/06\/virtual-showroom-mid.jpg 550w, https:\/\/virtenzo.com\/wp-content\/uploads\/2025\/06\/virtual-showroom-mid-300x235.jpg 300w\" sizes=\"auto, (max-width: 550px) 100vw, 550px\" \/><\/a><\/figure>\n\n\n<div class=\"wp-block-group has-global-padding is-layout-constrained wp-container-core-group-is-layout-f259b409 wp-block-group-is-layout-constrained\" style=\"padding-top:24px;padding-right:40px;padding-bottom:24px;padding-left:40px\">\n\n<div style=\"font-size:clamp(14px, 0.875rem + ((1vw - 3.2px) * 0.244), 16px);font-weight:400\" class=\"taxonomy-category has-link-color post-category-badge wp-elements-bec219aca0e93e59f890d845315c342a wp-block-post-terms\"><a href=\"https:\/\/virtenzo.com\/pl\/category\/baza-wiedzy\/\" rel=\"tag\">Baza wiedzy<\/a><\/div>\n\n<h3 style=\"font-weight:700;line-height:1.3; margin-top:0;margin-bottom:0;\" class=\"has-link-color wp-elements-165f29e7c703f6d10e5a14303125876d wp-block-post-title has-large-font-size has-montserrat-font-family\"><a href=\"https:\/\/virtenzo.com\/pl\/baza-wiedzy\/infokiosk-cyfrowe-doswiadczenie-produktu-w-przestrzeni-fizycznej\/\" target=\"_self\" >Infokiosk &#8211; cyfrowe do\u015bwiadczenie produktu w przestrzeni fizycznej<\/a><\/h3>\n\n<div style=\"line-height:1.6; margin-top:12px;\" class=\"wp-block-post-excerpt has-text-color has-text-primary-color has-medium-font-size\"><p class=\"wp-block-post-excerpt__excerpt\">Spis Tre\u015bci Czym jest Infokiosk? Sprz\u0119t dopasowany do przestrzeni Scenariusze wykorzystania, kt\u00f3re anga\u017cuj\u0105 Zastosowania strategiczne Szybka instalacja i \u0142atwa obs\u0142uga <\/p><\/div>\n\n<\/div>\n\n\n<\/div>\n\n\n<\/li><li class=\"wp-block-post post-5497 post type-post status-publish format-standard has-post-thumbnail hentry category-baza-wiedzy\">\n\n\n<div class=\"wp-block-group post-card has-white-background-color has-background has-global-padding is-layout-constrained wp-container-core-group-is-layout-da604d14 wp-block-group-is-layout-constrained\" style=\"border-radius:8px;padding-top:0;padding-right:0;padding-bottom:0;padding-left:0\">\n\n<figure style=\"aspect-ratio:16\/9;\" class=\"wp-block-post-featured-image\"><a href=\"https:\/\/virtenzo.com\/pl\/baza-wiedzy\/samodzielny-konfigurator-3d-mebli\/\" target=\"_self\"  ><img loading=\"lazy\" decoding=\"async\" width=\"1767\" height=\"1381\" src=\"https:\/\/virtenzo.com\/wp-content\/uploads\/2025\/06\/virtual-showroom.png\" class=\"attachment-post-thumbnail size-post-thumbnail wp-post-image\" alt=\"Samodzielny Konfigurator 3d Mebli\" style=\"border-top-left-radius:8px;border-top-right-radius:8px;border-bottom-left-radius:0px;border-bottom-right-radius:0px;width:100%;height:100%;object-fit:cover;\" srcset=\"https:\/\/virtenzo.com\/wp-content\/uploads\/2025\/06\/virtual-showroom.png 1767w, https:\/\/virtenzo.com\/wp-content\/uploads\/2025\/06\/virtual-showroom-300x234.png 300w, https:\/\/virtenzo.com\/wp-content\/uploads\/2025\/06\/virtual-showroom-1024x800.png 1024w, https:\/\/virtenzo.com\/wp-content\/uploads\/2025\/06\/virtual-showroom-768x600.png 768w, https:\/\/virtenzo.com\/wp-content\/uploads\/2025\/06\/virtual-showroom-1536x1200.png 1536w\" sizes=\"auto, (max-width: 1767px) 100vw, 1767px\" \/><\/a><\/figure>\n\n\n<div class=\"wp-block-group has-global-padding is-layout-constrained wp-container-core-group-is-layout-f259b409 wp-block-group-is-layout-constrained\" style=\"padding-top:24px;padding-right:40px;padding-bottom:24px;padding-left:40px\">\n\n<div style=\"font-size:clamp(14px, 0.875rem + ((1vw - 3.2px) * 0.244), 16px);font-weight:400\" class=\"taxonomy-category has-link-color post-category-badge wp-elements-bec219aca0e93e59f890d845315c342a wp-block-post-terms\"><a href=\"https:\/\/virtenzo.com\/pl\/category\/baza-wiedzy\/\" rel=\"tag\">Baza wiedzy<\/a><\/div>\n\n<h3 style=\"font-weight:700;line-height:1.3; margin-top:0;margin-bottom:0;\" class=\"has-link-color wp-elements-165f29e7c703f6d10e5a14303125876d wp-block-post-title has-large-font-size has-montserrat-font-family\"><a href=\"https:\/\/virtenzo.com\/pl\/baza-wiedzy\/samodzielny-konfigurator-3d-mebli\/\" target=\"_self\" >Samodzielny Konfigurator 3d Mebli<\/a><\/h3>\n\n<div style=\"line-height:1.6; margin-top:12px;\" class=\"wp-block-post-excerpt has-text-color has-text-primary-color has-medium-font-size\"><p class=\"wp-block-post-excerpt__excerpt\">Samodzielny Konfigurator &#8211; skuteczne narz\u0119dzie dla zespo\u0142\u00f3w sprzeda\u017cy i kampanii While many customers expect product customization on an e-commerce site, there are times when you&hellip; <\/p><\/div>\n\n<\/div>\n\n\n<\/div>\n\n\n<\/li><li class=\"wp-block-post post-5815 post type-post status-publish format-standard has-post-thumbnail hentry category-baza-wiedzy\">\n\n\n<div class=\"wp-block-group post-card has-white-background-color has-background has-global-padding is-layout-constrained wp-container-core-group-is-layout-da604d14 wp-block-group-is-layout-constrained\" style=\"border-radius:8px;padding-top:0;padding-right:0;padding-bottom:0;padding-left:0\">\n\n<figure style=\"aspect-ratio:16\/9;\" class=\"wp-block-post-featured-image\"><a href=\"https:\/\/virtenzo.com\/pl\/baza-wiedzy\/jak-zwiekszyc-sprzedaz-mebli-dzieki-konfiguratorom-3d\/\" target=\"_self\"  ><img loading=\"lazy\" decoding=\"async\" width=\"550\" height=\"430\" src=\"https:\/\/virtenzo.com\/wp-content\/uploads\/2025\/06\/virtual-showroom-mid.jpg\" class=\"attachment-post-thumbnail size-post-thumbnail wp-post-image\" alt=\"Jak zwi\u0119kszy\u0107 sprzeda\u017c mebli dzi\u0119ki konfiguratorom 3D?\" style=\"border-top-left-radius:8px;border-top-right-radius:8px;border-bottom-left-radius:0px;border-bottom-right-radius:0px;width:100%;height:100%;object-fit:cover;\" srcset=\"https:\/\/virtenzo.com\/wp-content\/uploads\/2025\/06\/virtual-showroom-mid.jpg 550w, https:\/\/virtenzo.com\/wp-content\/uploads\/2025\/06\/virtual-showroom-mid-300x235.jpg 300w\" sizes=\"auto, (max-width: 550px) 100vw, 550px\" \/><\/a><\/figure>\n\n\n<div class=\"wp-block-group has-global-padding is-layout-constrained wp-container-core-group-is-layout-f259b409 wp-block-group-is-layout-constrained\" style=\"padding-top:24px;padding-right:40px;padding-bottom:24px;padding-left:40px\">\n\n<div style=\"font-size:clamp(14px, 0.875rem + ((1vw - 3.2px) * 0.244), 16px);font-weight:400\" class=\"taxonomy-category has-link-color post-category-badge wp-elements-bec219aca0e93e59f890d845315c342a wp-block-post-terms\"><a href=\"https:\/\/virtenzo.com\/pl\/category\/baza-wiedzy\/\" rel=\"tag\">Baza wiedzy<\/a><\/div>\n\n<h3 style=\"font-weight:700;line-height:1.3; margin-top:0;margin-bottom:0;\" class=\"has-link-color wp-elements-165f29e7c703f6d10e5a14303125876d wp-block-post-title has-large-font-size has-montserrat-font-family\"><a href=\"https:\/\/virtenzo.com\/pl\/baza-wiedzy\/jak-zwiekszyc-sprzedaz-mebli-dzieki-konfiguratorom-3d\/\" target=\"_self\" >Jak zwi\u0119kszy\u0107 sprzeda\u017c mebli dzi\u0119ki konfiguratorom 3D?<\/a><\/h3>\n\n<div style=\"line-height:1.6; margin-top:12px;\" class=\"wp-block-post-excerpt has-text-color has-text-primary-color has-medium-font-size\"><p class=\"wp-block-post-excerpt__excerpt\">Odkryj, jak nasze innowacyjne us\u0142ugi mog\u0105 odmieni\u0107 Tw\u00f3j biznes meblarski. Uzyskaj dost\u0119p do prostych przewodnik\u00f3w, porad ekspert\u00f3w i najnowszych trend\u00f3w, aby ulepszy\u0107 swoj\u0105 strategi\u0119 marketingow\u0105&hellip; <\/p><\/div>\n\n<\/div>\n\n\n<\/div>\n\n\n<\/li><\/ul>\n\n\n\n\n\n<\/div>\n\n\n<\/div>\n","protected":false},"excerpt":{"rendered":"","protected":false},"author":6,"featured_media":0,"parent":0,"menu_order":0,"comment_status":"closed","ping_status":"closed","template":"page-full-width","meta":{"virtenzo_enable_toc":"","_hide_page_title":false,"footnotes":""},"class_list":["post-5976","page","type-page","status-publish","hentry"],"yoast_head":"<!-- This site is optimized with the Yoast SEO plugin v27.3 - https:\/\/yoast.com\/product\/yoast-seo-wordpress\/ -->\n<title>Baza wiedzy - Virtenzo<\/title>\n<meta name=\"description\" content=\"Elevate your furniture brand with Virtenzo&#039;s 3D Furniture Configurator. Revolutionize online and in-store experiences with customizable 3D visuals and virtual room tours. Let your furniture shine and drive sales like never before.\" \/>\n<meta name=\"robots\" content=\"index, follow, max-snippet:-1, max-image-preview:large, max-video-preview:-1\" \/>\n<link rel=\"canonical\" href=\"https:\/\/virtenzo.com\/pl\/baza-wiedzy\/\" \/>\n<meta property=\"og:locale\" content=\"pl_PL\" \/>\n<meta property=\"og:type\" content=\"article\" \/>\n<meta property=\"og:title\" content=\"Baza wiedzy - Virtenzo\" \/>\n<meta property=\"og:description\" content=\"Elevate your furniture brand with Virtenzo&#039;s 3D Furniture Configurator. Revolutionize online and in-store experiences with customizable 3D visuals and virtual room tours. Let your furniture shine and drive sales like never before.\" \/>\n<meta property=\"og:url\" content=\"https:\/\/virtenzo.com\/pl\/baza-wiedzy\/\" \/>\n<meta property=\"og:site_name\" content=\"Virtenzo\" \/>\n<meta property=\"article:modified_time\" content=\"2025-12-10T21:54:44+00:00\" \/>\n<meta name=\"twitter:card\" content=\"summary_large_image\" \/>\n<meta name=\"twitter:label1\" content=\"Szacowany czas czytania\" \/>\n\t<meta name=\"twitter:data1\" content=\"3 minutes\" \/>\n<script type=\"application\/ld+json\" class=\"yoast-schema-graph\">{\"@context\":\"https:\\\/\\\/schema.org\",\"@graph\":[{\"@type\":\"WebPage\",\"@id\":\"https:\\\/\\\/virtenzo.com\\\/pl\\\/baza-wiedzy\\\/\",\"url\":\"https:\\\/\\\/virtenzo.com\\\/pl\\\/baza-wiedzy\\\/\",\"name\":\"Baza wiedzy - Virtenzo\",\"isPartOf\":{\"@id\":\"https:\\\/\\\/virtenzo.com\\\/pl\\\/#website\"},\"datePublished\":\"2025-10-19T05:12:32+00:00\",\"dateModified\":\"2025-12-10T21:54:44+00:00\",\"description\":\"Elevate your furniture brand with Virtenzo's 3D Furniture Configurator. Revolutionize online and in-store experiences with customizable 3D visuals and virtual room tours. Let your furniture shine and drive sales like never before.\",\"breadcrumb\":{\"@id\":\"https:\\\/\\\/virtenzo.com\\\/pl\\\/baza-wiedzy\\\/#breadcrumb\"},\"inLanguage\":\"pl-PL\",\"potentialAction\":[{\"@type\":\"ReadAction\",\"target\":[\"https:\\\/\\\/virtenzo.com\\\/pl\\\/baza-wiedzy\\\/\"]}]},{\"@type\":\"BreadcrumbList\",\"@id\":\"https:\\\/\\\/virtenzo.com\\\/pl\\\/baza-wiedzy\\\/#breadcrumb\",\"itemListElement\":[{\"@type\":\"ListItem\",\"position\":1,\"name\":\"Home\",\"item\":\"https:\\\/\\\/virtenzo.com\\\/pl\\\/\"},{\"@type\":\"ListItem\",\"position\":2,\"name\":\"Baza wiedzy\"}]},{\"@type\":\"WebSite\",\"@id\":\"https:\\\/\\\/virtenzo.com\\\/pl\\\/#website\",\"url\":\"https:\\\/\\\/virtenzo.com\\\/pl\\\/\",\"name\":\"Virtenzo: 3D Furniture Configurator Solutions\",\"description\":\"3D Configurator Furniture Solutions\",\"publisher\":{\"@id\":\"https:\\\/\\\/virtenzo.com\\\/pl\\\/#organization\"},\"alternateName\":\"Virtenzo 3D configurators\",\"potentialAction\":[{\"@type\":\"SearchAction\",\"target\":{\"@type\":\"EntryPoint\",\"urlTemplate\":\"https:\\\/\\\/virtenzo.com\\\/pl\\\/?s={search_term_string}\"},\"query-input\":{\"@type\":\"PropertyValueSpecification\",\"valueRequired\":true,\"valueName\":\"search_term_string\"}}],\"inLanguage\":\"pl-PL\"},{\"@type\":\"Organization\",\"@id\":\"https:\\\/\\\/virtenzo.com\\\/pl\\\/#organization\",\"name\":\"Virtenzo\",\"url\":\"https:\\\/\\\/virtenzo.com\\\/pl\\\/\",\"logo\":{\"@type\":\"ImageObject\",\"inLanguage\":\"pl-PL\",\"@id\":\"https:\\\/\\\/virtenzo.com\\\/pl\\\/#\\\/schema\\\/logo\\\/image\\\/\",\"url\":\"https:\\\/\\\/virtenzo.com\\\/wp-content\\\/uploads\\\/2023\\\/06\\\/logo-main.webp\",\"contentUrl\":\"https:\\\/\\\/virtenzo.com\\\/wp-content\\\/uploads\\\/2023\\\/06\\\/logo-main.webp\",\"width\":600,\"height\":150,\"caption\":\"Virtenzo\"},\"image\":{\"@id\":\"https:\\\/\\\/virtenzo.com\\\/pl\\\/#\\\/schema\\\/logo\\\/image\\\/\"}}]}<\/script>\n<!-- \/ Yoast SEO plugin. -->","yoast_head_json":{"title":"Baza wiedzy - Virtenzo","description":"Elevate your furniture brand with Virtenzo's 3D Furniture Configurator. Revolutionize online and in-store experiences with customizable 3D visuals and virtual room tours. Let your furniture shine and drive sales like never before.","robots":{"index":"index","follow":"follow","max-snippet":"max-snippet:-1","max-image-preview":"max-image-preview:large","max-video-preview":"max-video-preview:-1"},"canonical":"https:\/\/virtenzo.com\/pl\/baza-wiedzy\/","og_locale":"pl_PL","og_type":"article","og_title":"Baza wiedzy - Virtenzo","og_description":"Elevate your furniture brand with Virtenzo's 3D Furniture Configurator. Revolutionize online and in-store experiences with customizable 3D visuals and virtual room tours. Let your furniture shine and drive sales like never before.","og_url":"https:\/\/virtenzo.com\/pl\/baza-wiedzy\/","og_site_name":"Virtenzo","article_modified_time":"2025-12-10T21:54:44+00:00","twitter_card":"summary_large_image","twitter_misc":{"Szacowany czas czytania":"3 minutes"},"schema":{"@context":"https:\/\/schema.org","@graph":[{"@type":"WebPage","@id":"https:\/\/virtenzo.com\/pl\/baza-wiedzy\/","url":"https:\/\/virtenzo.com\/pl\/baza-wiedzy\/","name":"Baza wiedzy - Virtenzo","isPartOf":{"@id":"https:\/\/virtenzo.com\/pl\/#website"},"datePublished":"2025-10-19T05:12:32+00:00","dateModified":"2025-12-10T21:54:44+00:00","description":"Elevate your furniture brand with Virtenzo's 3D Furniture Configurator. Revolutionize online and in-store experiences with customizable 3D visuals and virtual room tours. Let your furniture shine and drive sales like never before.","breadcrumb":{"@id":"https:\/\/virtenzo.com\/pl\/baza-wiedzy\/#breadcrumb"},"inLanguage":"pl-PL","potentialAction":[{"@type":"ReadAction","target":["https:\/\/virtenzo.com\/pl\/baza-wiedzy\/"]}]},{"@type":"BreadcrumbList","@id":"https:\/\/virtenzo.com\/pl\/baza-wiedzy\/#breadcrumb","itemListElement":[{"@type":"ListItem","position":1,"name":"Home","item":"https:\/\/virtenzo.com\/pl\/"},{"@type":"ListItem","position":2,"name":"Baza wiedzy"}]},{"@type":"WebSite","@id":"https:\/\/virtenzo.com\/pl\/#website","url":"https:\/\/virtenzo.com\/pl\/","name":"Virtenzo: 3D Furniture Configurator Solutions","description":"3D Configurator Furniture Solutions","publisher":{"@id":"https:\/\/virtenzo.com\/pl\/#organization"},"alternateName":"Virtenzo 3D configurators","potentialAction":[{"@type":"SearchAction","target":{"@type":"EntryPoint","urlTemplate":"https:\/\/virtenzo.com\/pl\/?s={search_term_string}"},"query-input":{"@type":"PropertyValueSpecification","valueRequired":true,"valueName":"search_term_string"}}],"inLanguage":"pl-PL"},{"@type":"Organization","@id":"https:\/\/virtenzo.com\/pl\/#organization","name":"Virtenzo","url":"https:\/\/virtenzo.com\/pl\/","logo":{"@type":"ImageObject","inLanguage":"pl-PL","@id":"https:\/\/virtenzo.com\/pl\/#\/schema\/logo\/image\/","url":"https:\/\/virtenzo.com\/wp-content\/uploads\/2023\/06\/logo-main.webp","contentUrl":"https:\/\/virtenzo.com\/wp-content\/uploads\/2023\/06\/logo-main.webp","width":600,"height":150,"caption":"Virtenzo"},"image":{"@id":"https:\/\/virtenzo.com\/pl\/#\/schema\/logo\/image\/"}}]}},"_links":{"self":[{"href":"https:\/\/virtenzo.com\/pl\/wp-json\/wp\/v2\/pages\/5976","targetHints":{"allow":["GET"]}}],"collection":[{"href":"https:\/\/virtenzo.com\/pl\/wp-json\/wp\/v2\/pages"}],"about":[{"href":"https:\/\/virtenzo.com\/pl\/wp-json\/wp\/v2\/types\/page"}],"author":[{"embeddable":true,"href":"https:\/\/virtenzo.com\/pl\/wp-json\/wp\/v2\/users\/6"}],"replies":[{"embeddable":true,"href":"https:\/\/virtenzo.com\/pl\/wp-json\/wp\/v2\/comments?post=5976"}],"version-history":[{"count":3,"href":"https:\/\/virtenzo.com\/pl\/wp-json\/wp\/v2\/pages\/5976\/revisions"}],"predecessor-version":[{"id":6350,"href":"https:\/\/virtenzo.com\/pl\/wp-json\/wp\/v2\/pages\/5976\/revisions\/6350"}],"wp:attachment":[{"href":"https:\/\/virtenzo.com\/pl\/wp-json\/wp\/v2\/media?parent=5976"}],"curies":[{"name":"wp","href":"https:\/\/api.w.org\/{rel}","templated":true}]}}